{"id":2279,"date":"2024-11-12T17:15:13","date_gmt":"2024-11-12T16:15:13","guid":{"rendered":"https:\/\/www.alterre-asso.org\/?page_id=2279"},"modified":"2024-11-12T17:15:13","modified_gmt":"2024-11-12T16:15:13","slug":"revue-de-presse","status":"publish","type":"page","link":"https:\/\/www.alterre-asso.org\/index.php\/revue-de-presse\/","title":{"rendered":"Revue de presse"},"content":{"rendered":"\n<p class=\"has-large-font-size\"><strong><em>Article de M\u00e9diapart du 12 novembre 2024<\/em><\/strong><\/p>\n\n\n\n<figure class=\"wp-block-image size-large\"><img fetchpriority=\"high\" decoding=\"async\" width=\"1024\" height=\"334\" src=\"https:\/\/www.alterre-asso.org\/wp-content\/uploads\/2024\/11\/Capture-decran-2024-11-12-a-16.58.51-1024x334.png\" alt=\"\" class=\"wp-image-2280\" srcset=\"https:\/\/www.alterre-asso.org\/wp-content\/uploads\/2024\/11\/Capture-decran-2024-11-12-a-16.58.51-1024x334.png 1024w, https:\/\/www.alterre-asso.org\/wp-content\/uploads\/2024\/11\/Capture-decran-2024-11-12-a-16.58.51-300x98.png 300w, https:\/\/www.alterre-asso.org\/wp-content\/uploads\/2024\/11\/Capture-decran-2024-11-12-a-16.58.51-768x250.png 768w, https:\/\/www.alterre-asso.org\/wp-content\/uploads\/2024\/11\/Capture-decran-2024-11-12-a-16.58.51-1536x501.png 1536w, https:\/\/www.alterre-asso.org\/wp-content\/uploads\/2024\/11\/Capture-decran-2024-11-12-a-16.58.51-2048x668.png 2048w\" sizes=\"(max-width: 1024px) 100vw, 1024px\" \/><\/figure>\n\n\n\n<p><a href=\"https:\/\/www.mediapart.fr\/journal\/ecologie\/121124\/en-ardeche-un-projet-de-deviation-mobilise-contre-l-impermeabilisation-des-terres\">https:\/\/www.mediapart.fr\/journal\/ecologie\/121124\/en-ardeche-un-projet-de-deviation-mobilise-contre-l-impermeabilisation-des-terres<\/a><\/p>\n\n\n\n<p><\/p>\n\n\n\n<p><\/p>\n\n\n\n<p class=\"has-large-font-size\"><strong><em>Article de Lib\u00e9ration du 12 novembre 2024<\/em><\/strong><\/p>\n\n\n\n<figure class=\"wp-block-image size-large\"><img decoding=\"async\" width=\"1024\" height=\"712\" src=\"https:\/\/www.alterre-asso.org\/wp-content\/uploads\/2024\/11\/Capture-decran-2024-11-12-a-17.01.50-1024x712.png\" alt=\"\" class=\"wp-image-2281\" srcset=\"https:\/\/www.alterre-asso.org\/wp-content\/uploads\/2024\/11\/Capture-decran-2024-11-12-a-17.01.50-1024x712.png 1024w, https:\/\/www.alterre-asso.org\/wp-content\/uploads\/2024\/11\/Capture-decran-2024-11-12-a-17.01.50-300x209.png 300w, https:\/\/www.alterre-asso.org\/wp-content\/uploads\/2024\/11\/Capture-decran-2024-11-12-a-17.01.50-768x534.png 768w, https:\/\/www.alterre-asso.org\/wp-content\/uploads\/2024\/11\/Capture-decran-2024-11-12-a-17.01.50-1536x1069.png 1536w, https:\/\/www.alterre-asso.org\/wp-content\/uploads\/2024\/11\/Capture-decran-2024-11-12-a-17.01.50.png 1656w\" sizes=\"(max-width: 1024px) 100vw, 1024px\" \/><\/figure>\n\n\n\n<p><a href=\"https:\/\/www.liberation.fr\/environnement\/biodiversite\/deviation-la-rd86-en-ardeche-les-ecureuils-de-saint-peray-sopposent-a-un-projet-inutile-20241112_S6LNPGYGRBHGBB3QKD4FYMZYAQ\">https:\/\/www.liberation.fr\/environnement\/biodiversite\/deviation-la-rd86-en-ardeche-les-ecureuils-de-saint-peray-sopposent-a-un-projet-inutile-20241112_S6LNPGYGRBHGBB3QKD4FYMZYAQ<\/a><\/p>\n\n\n\n<p><\/p>\n\n\n\n<p><\/p>\n\n\n\n<p class=\"has-large-font-size\"><strong><em>Article du Dauphin\u00e9 Lib\u00e9r\u00e9  du 11 novembre 2024<\/em><\/strong><\/p>\n\n\n\n<figure class=\"wp-block-image size-large\"><img decoding=\"async\" width=\"1024\" height=\"898\" src=\"https:\/\/www.alterre-asso.org\/wp-content\/uploads\/2024\/11\/Capture-decran-2024-11-12-a-17.05.42-1024x898.png\" alt=\"\" class=\"wp-image-2283\" srcset=\"https:\/\/www.alterre-asso.org\/wp-content\/uploads\/2024\/11\/Capture-decran-2024-11-12-a-17.05.42-1024x898.png 1024w, https:\/\/www.alterre-asso.org\/wp-content\/uploads\/2024\/11\/Capture-decran-2024-11-12-a-17.05.42-300x263.png 300w, https:\/\/www.alterre-asso.org\/wp-content\/uploads\/2024\/11\/Capture-decran-2024-11-12-a-17.05.42-768x674.png 768w, https:\/\/www.alterre-asso.org\/wp-content\/uploads\/2024\/11\/Capture-decran-2024-11-12-a-17.05.42-1536x1347.png 1536w, https:\/\/www.alterre-asso.org\/wp-content\/uploads\/2024\/11\/Capture-decran-2024-11-12-a-17.05.42.png 1758w\" sizes=\"(max-width: 1024px) 100vw, 1024px\" \/><\/figure>\n\n\n\n<p><a href=\"https:\/\/www.ledauphine.com\/environnement\/2024\/11\/11\/deviation-de-saint-peray-les-opposants-continuent-de-nicher\">https:\/\/www.ledauphine.com\/environnement\/2024\/11\/11\/deviation-de-saint-peray-les-opposants-continuent-de-nicher<\/a><\/p>\n\n\n\n<p><\/p>\n\n\n\n<p><\/p>\n\n\n\n<p class=\"has-large-font-size\"><strong><em>Article du Dauphin\u00e9 Lib\u00e9r\u00e9 du 26 octobre 2024<\/em><\/strong><\/p>\n\n\n\n<figure class=\"wp-block-image size-large\"><img loading=\"lazy\" decoding=\"async\" width=\"1024\" height=\"879\" src=\"https:\/\/www.alterre-asso.org\/wp-content\/uploads\/2024\/11\/Capture-decran-2024-11-12-a-17.08.35-1024x879.png\" alt=\"\" class=\"wp-image-2284\" srcset=\"https:\/\/www.alterre-asso.org\/wp-content\/uploads\/2024\/11\/Capture-decran-2024-11-12-a-17.08.35-1024x879.png 1024w, https:\/\/www.alterre-asso.org\/wp-content\/uploads\/2024\/11\/Capture-decran-2024-11-12-a-17.08.35-300x257.png 300w, https:\/\/www.alterre-asso.org\/wp-content\/uploads\/2024\/11\/Capture-decran-2024-11-12-a-17.08.35-768x659.png 768w, https:\/\/www.alterre-asso.org\/wp-content\/uploads\/2024\/11\/Capture-decran-2024-11-12-a-17.08.35-1536x1318.png 1536w, https:\/\/www.alterre-asso.org\/wp-content\/uploads\/2024\/11\/Capture-decran-2024-11-12-a-17.08.35.png 1804w\" sizes=\"(max-width: 1024px) 100vw, 1024px\" \/><\/figure>\n\n\n\n<p><a href=\"https:\/\/www.ledauphine.com\/social\/2024\/10\/26\/une-centaine-de-manifestants-presents-a-saint-peray-contre-le-projet-de-deviation-c-est-un-passage-en-force\">https:\/\/www.ledauphine.com\/social\/2024\/10\/26\/une-centaine-de-manifestants-presents-a-saint-peray-contre-le-projet-de-deviation-c-est-un-passage-en-force<\/a><\/p>\n","protected":false},"excerpt":{"rendered":"<p>Article de M\u00e9diapart du 12 novembre 2024 https:\/\/www.mediapart.fr\/journal\/ecologie\/121124\/en-ardeche-un-projet-de-deviation-mobilise-contre-l-impermeabilisation-des-terres Article de Lib\u00e9ration du 12 novembre 2024 https:\/\/www.liberation.fr\/environnement\/biodiversite\/deviation-la-rd86-en-ardeche-les-ecureuils-de-saint-peray-sopposent-a-un-projet-inutile-20241112_S6LNPGYGRBHGBB3QKD4FYMZYAQ Article du Dauphin\u00e9 Lib\u00e9r\u00e9 du 11 novembre 2024 https:\/\/www.ledauphine.com\/environnement\/2024\/11\/11\/deviation-de-saint-peray-les-opposants-continuent-de-nicher Article du Dauphin\u00e9 Lib\u00e9r\u00e9 du 26 octobre 2024 https:\/\/www.ledauphine.com\/social\/2024\/10\/26\/une-centaine-de-manifestants-presents-a-saint-peray-contre-le-projet-de-deviation-c-est-un-passage-en-force<\/p>\n","protected":false},"author":4,"featured_media":0,"parent":0,"menu_order":0,"comment_status":"closed","ping_status":"closed","template":"","meta":{"ocean_post_layout":"","ocean_both_sidebars_style":"","ocean_both_sidebars_content_width":0,"ocean_both_sidebars_sidebars_width":0,"ocean_sidebar":"","ocean_second_sidebar":"","ocean_disable_margins":"enable","ocean_add_body_class":"","ocean_shortcode_before_top_bar":"","ocean_shortcode_after_top_bar":"","ocean_shortcode_before_header":"","ocean_shortcode_after_header":"","ocean_has_shortcode":"","ocean_shortcode_after_title":"","ocean_shortcode_before_footer_widgets":"","ocean_shortcode_after_footer_widgets":"","ocean_shortcode_before_footer_bottom":"","ocean_shortcode_after_footer_bottom":"","ocean_display_top_bar":"default","ocean_display_header":"default","ocean_header_style":"","ocean_center_header_left_menu":"","ocean_custom_header_template":"","ocean_custom_logo":0,"ocean_custom_retina_logo":0,"ocean_custom_logo_max_width":0,"ocean_custom_logo_tablet_max_width":0,"ocean_custom_logo_mobile_max_width":0,"ocean_custom_logo_max_height":0,"ocean_custom_logo_tablet_max_height":0,"ocean_custom_logo_mobile_max_height":0,"ocean_header_custom_menu":"","ocean_menu_typo_font_family":"","ocean_menu_typo_font_subset":"","ocean_menu_typo_font_size":0,"ocean_menu_typo_font_size_tablet":0,"ocean_menu_typo_font_size_mobile":0,"ocean_menu_typo_font_size_unit":"px","ocean_menu_typo_font_weight":"","ocean_menu_typo_font_weight_tablet":"","ocean_menu_typo_font_weight_mobile":"","ocean_menu_typo_transform":"","ocean_menu_typo_transform_tablet":"","ocean_menu_typo_transform_mobile":"","ocean_menu_typo_line_height":0,"ocean_menu_typo_line_height_tablet":0,"ocean_menu_typo_line_height_mobile":0,"ocean_menu_typo_line_height_unit":"","ocean_menu_typo_spacing":0,"ocean_menu_typo_spacing_tablet":0,"ocean_menu_typo_spacing_mobile":0,"ocean_menu_typo_spacing_unit":"","ocean_menu_link_color":"","ocean_menu_link_color_hover":"","ocean_menu_link_color_active":"","ocean_menu_link_background":"","ocean_menu_link_hover_background":"","ocean_menu_link_active_background":"","ocean_menu_social_links_bg":"","ocean_menu_social_hover_links_bg":"","ocean_menu_social_links_color":"","ocean_menu_social_hover_links_color":"","ocean_disable_title":"default","ocean_disable_heading":"default","ocean_post_title":"","ocean_post_subheading":"","ocean_post_title_style":"","ocean_post_title_background_color":"","ocean_post_title_background":0,"ocean_post_title_bg_image_position":"","ocean_post_title_bg_image_attachment":"","ocean_post_title_bg_image_repeat":"","ocean_post_title_bg_image_size":"","ocean_post_title_height":0,"ocean_post_title_bg_overlay":0.5,"ocean_post_title_bg_overlay_color":"","ocean_disable_breadcrumbs":"default","ocean_breadcrumbs_color":"","ocean_breadcrumbs_separator_color":"","ocean_breadcrumbs_links_color":"","ocean_breadcrumbs_links_hover_color":"","ocean_display_footer_widgets":"default","ocean_display_footer_bottom":"default","ocean_custom_footer_template":"","footnotes":""},"class_list":["post-2279","page","type-page","status-publish","hentry","entry"],"yoast_head":"<!-- This site is optimized with the Yoast SEO plugin v22.9 - https:\/\/yoast.com\/wordpress\/plugins\/seo\/ -->\n<title>Revue de presse - Alterre<\/title>\n<meta name=\"robots\" content=\"index, follow, max-snippet:-1, max-image-preview:large, max-video-preview:-1\" \/>\n<link rel=\"canonical\" href=\"https:\/\/www.alterre-asso.org\/index.php\/revue-de-presse\/\" \/>\n<meta property=\"og:locale\" content=\"fr_FR\" \/>\n<meta property=\"og:type\" content=\"article\" \/>\n<meta property=\"og:title\" content=\"Revue de presse - Alterre\" \/>\n<meta property=\"og:description\" content=\"Article de M\u00e9diapart du 12 novembre 2024 https:\/\/www.mediapart.fr\/journal\/ecologie\/121124\/en-ardeche-un-projet-de-deviation-mobilise-contre-l-impermeabilisation-des-terres Article de Lib\u00e9ration du 12 novembre 2024 https:\/\/www.liberation.fr\/environnement\/biodiversite\/deviation-la-rd86-en-ardeche-les-ecureuils-de-saint-peray-sopposent-a-un-projet-inutile-20241112_S6LNPGYGRBHGBB3QKD4FYMZYAQ Article du Dauphin\u00e9 Lib\u00e9r\u00e9 du 11 novembre 2024 https:\/\/www.ledauphine.com\/environnement\/2024\/11\/11\/deviation-de-saint-peray-les-opposants-continuent-de-nicher Article du Dauphin\u00e9 Lib\u00e9r\u00e9 du 26 octobre 2024 https:\/\/www.ledauphine.com\/social\/2024\/10\/26\/une-centaine-de-manifestants-presents-a-saint-peray-contre-le-projet-de-deviation-c-est-un-passage-en-force\" \/>\n<meta property=\"og:url\" content=\"https:\/\/www.alterre-asso.org\/index.php\/revue-de-presse\/\" \/>\n<meta property=\"og:site_name\" content=\"Alterre\" \/>\n<meta property=\"article:publisher\" content=\"https:\/\/www.facebook.com\/AlternativesaladeviationdeSaintPeray\/\" \/>\n<meta property=\"og:image\" content=\"https:\/\/www.alterre-asso.org\/wp-content\/uploads\/2024\/11\/Capture-decran-2024-11-12-a-16.58.51-1024x334.png\" \/>\n<meta name=\"twitter:card\" content=\"summary_large_image\" \/>\n<meta name=\"twitter:label1\" content=\"Dur\u00e9e de lecture estim\u00e9e\" \/>\n\t<meta name=\"twitter:data1\" content=\"1 minute\" \/>\n<script type=\"application\/ld+json\" class=\"yoast-schema-graph\">{\"@context\":\"https:\/\/schema.org\",\"@graph\":[{\"@type\":\"WebPage\",\"@id\":\"https:\/\/www.alterre-asso.org\/index.php\/revue-de-presse\/\",\"url\":\"https:\/\/www.alterre-asso.org\/index.php\/revue-de-presse\/\",\"name\":\"Revue de presse - Alterre\",\"isPartOf\":{\"@id\":\"https:\/\/www.alterre-asso.org\/#website\"},\"primaryImageOfPage\":{\"@id\":\"https:\/\/www.alterre-asso.org\/index.php\/revue-de-presse\/#primaryimage\"},\"image\":{\"@id\":\"https:\/\/www.alterre-asso.org\/index.php\/revue-de-presse\/#primaryimage\"},\"thumbnailUrl\":\"https:\/\/www.alterre-asso.org\/wp-content\/uploads\/2024\/11\/Capture-decran-2024-11-12-a-16.58.51-1024x334.png\",\"datePublished\":\"2024-11-12T16:15:13+00:00\",\"dateModified\":\"2024-11-12T16:15:13+00:00\",\"breadcrumb\":{\"@id\":\"https:\/\/www.alterre-asso.org\/index.php\/revue-de-presse\/#breadcrumb\"},\"inLanguage\":\"fr-FR\",\"potentialAction\":[{\"@type\":\"ReadAction\",\"target\":[\"https:\/\/www.alterre-asso.org\/index.php\/revue-de-presse\/\"]}]},{\"@type\":\"ImageObject\",\"inLanguage\":\"fr-FR\",\"@id\":\"https:\/\/www.alterre-asso.org\/index.php\/revue-de-presse\/#primaryimage\",\"url\":\"https:\/\/www.alterre-asso.org\/wp-content\/uploads\/2024\/11\/Capture-decran-2024-11-12-a-16.58.51.png\",\"contentUrl\":\"https:\/\/www.alterre-asso.org\/wp-content\/uploads\/2024\/11\/Capture-decran-2024-11-12-a-16.58.51.png\",\"width\":2276,\"height\":742},{\"@type\":\"BreadcrumbList\",\"@id\":\"https:\/\/www.alterre-asso.org\/index.php\/revue-de-presse\/#breadcrumb\",\"itemListElement\":[{\"@type\":\"ListItem\",\"position\":1,\"name\":\"Accueil\",\"item\":\"https:\/\/www.alterre-asso.org\/\"},{\"@type\":\"ListItem\",\"position\":2,\"name\":\"Revue de presse\"}]},{\"@type\":\"WebSite\",\"@id\":\"https:\/\/www.alterre-asso.org\/#website\",\"url\":\"https:\/\/www.alterre-asso.org\/\",\"name\":\"Alterre\",\"description\":\"alternatives \u00e0 la d\u00e9viation de Saint-P\u00e9ray\",\"publisher\":{\"@id\":\"https:\/\/www.alterre-asso.org\/#organization\"},\"potentialAction\":[{\"@type\":\"SearchAction\",\"target\":{\"@type\":\"EntryPoint\",\"urlTemplate\":\"https:\/\/www.alterre-asso.org\/?s={search_term_string}\"},\"query-input\":\"required name=search_term_string\"}],\"inLanguage\":\"fr-FR\"},{\"@type\":\"Organization\",\"@id\":\"https:\/\/www.alterre-asso.org\/#organization\",\"name\":\"Alterre\",\"url\":\"https:\/\/www.alterre-asso.org\/\",\"logo\":{\"@type\":\"ImageObject\",\"inLanguage\":\"fr-FR\",\"@id\":\"https:\/\/www.alterre-asso.org\/#\/schema\/logo\/image\/\",\"url\":\"https:\/\/www.alterre-asso.org\/wp-content\/uploads\/2023\/11\/cropped-cropped-logo.jpg\",\"contentUrl\":\"https:\/\/www.alterre-asso.org\/wp-content\/uploads\/2023\/11\/cropped-cropped-logo.jpg\",\"width\":240,\"height\":243,\"caption\":\"Alterre\"},\"image\":{\"@id\":\"https:\/\/www.alterre-asso.org\/#\/schema\/logo\/image\/\"},\"sameAs\":[\"https:\/\/www.facebook.com\/AlternativesaladeviationdeSaintPeray\/\"]}]}<\/script>\n<!-- \/ Yoast SEO plugin. -->","yoast_head_json":{"title":"Revue de presse - Alterre","robots":{"index":"index","follow":"follow","max-snippet":"max-snippet:-1","max-image-preview":"max-image-preview:large","max-video-preview":"max-video-preview:-1"},"canonical":"https:\/\/www.alterre-asso.org\/index.php\/revue-de-presse\/","og_locale":"fr_FR","og_type":"article","og_title":"Revue de presse - Alterre","og_description":"Article de M\u00e9diapart du 12 novembre 2024 https:\/\/www.mediapart.fr\/journal\/ecologie\/121124\/en-ardeche-un-projet-de-deviation-mobilise-contre-l-impermeabilisation-des-terres Article de Lib\u00e9ration du 12 novembre 2024 https:\/\/www.liberation.fr\/environnement\/biodiversite\/deviation-la-rd86-en-ardeche-les-ecureuils-de-saint-peray-sopposent-a-un-projet-inutile-20241112_S6LNPGYGRBHGBB3QKD4FYMZYAQ Article du Dauphin\u00e9 Lib\u00e9r\u00e9 du 11 novembre 2024 https:\/\/www.ledauphine.com\/environnement\/2024\/11\/11\/deviation-de-saint-peray-les-opposants-continuent-de-nicher Article du Dauphin\u00e9 Lib\u00e9r\u00e9 du 26 octobre 2024 https:\/\/www.ledauphine.com\/social\/2024\/10\/26\/une-centaine-de-manifestants-presents-a-saint-peray-contre-le-projet-de-deviation-c-est-un-passage-en-force","og_url":"https:\/\/www.alterre-asso.org\/index.php\/revue-de-presse\/","og_site_name":"Alterre","article_publisher":"https:\/\/www.facebook.com\/AlternativesaladeviationdeSaintPeray\/","og_image":[{"url":"https:\/\/www.alterre-asso.org\/wp-content\/uploads\/2024\/11\/Capture-decran-2024-11-12-a-16.58.51-1024x334.png"}],"twitter_card":"summary_large_image","twitter_misc":{"Dur\u00e9e de lecture estim\u00e9e":"1 minute"},"schema":{"@context":"https:\/\/schema.org","@graph":[{"@type":"WebPage","@id":"https:\/\/www.alterre-asso.org\/index.php\/revue-de-presse\/","url":"https:\/\/www.alterre-asso.org\/index.php\/revue-de-presse\/","name":"Revue de presse - Alterre","isPartOf":{"@id":"https:\/\/www.alterre-asso.org\/#website"},"primaryImageOfPage":{"@id":"https:\/\/www.alterre-asso.org\/index.php\/revue-de-presse\/#primaryimage"},"image":{"@id":"https:\/\/www.alterre-asso.org\/index.php\/revue-de-presse\/#primaryimage"},"thumbnailUrl":"https:\/\/www.alterre-asso.org\/wp-content\/uploads\/2024\/11\/Capture-decran-2024-11-12-a-16.58.51-1024x334.png","datePublished":"2024-11-12T16:15:13+00:00","dateModified":"2024-11-12T16:15:13+00:00","breadcrumb":{"@id":"https:\/\/www.alterre-asso.org\/index.php\/revue-de-presse\/#breadcrumb"},"inLanguage":"fr-FR","potentialAction":[{"@type":"ReadAction","target":["https:\/\/www.alterre-asso.org\/index.php\/revue-de-presse\/"]}]},{"@type":"ImageObject","inLanguage":"fr-FR","@id":"https:\/\/www.alterre-asso.org\/index.php\/revue-de-presse\/#primaryimage","url":"https:\/\/www.alterre-asso.org\/wp-content\/uploads\/2024\/11\/Capture-decran-2024-11-12-a-16.58.51.png","contentUrl":"https:\/\/www.alterre-asso.org\/wp-content\/uploads\/2024\/11\/Capture-decran-2024-11-12-a-16.58.51.png","width":2276,"height":742},{"@type":"BreadcrumbList","@id":"https:\/\/www.alterre-asso.org\/index.php\/revue-de-presse\/#breadcrumb","itemListElement":[{"@type":"ListItem","position":1,"name":"Accueil","item":"https:\/\/www.alterre-asso.org\/"},{"@type":"ListItem","position":2,"name":"Revue de presse"}]},{"@type":"WebSite","@id":"https:\/\/www.alterre-asso.org\/#website","url":"https:\/\/www.alterre-asso.org\/","name":"Alterre","description":"alternatives \u00e0 la d\u00e9viation de Saint-P\u00e9ray","publisher":{"@id":"https:\/\/www.alterre-asso.org\/#organization"},"potentialAction":[{"@type":"SearchAction","target":{"@type":"EntryPoint","urlTemplate":"https:\/\/www.alterre-asso.org\/?s={search_term_string}"},"query-input":"required name=search_term_string"}],"inLanguage":"fr-FR"},{"@type":"Organization","@id":"https:\/\/www.alterre-asso.org\/#organization","name":"Alterre","url":"https:\/\/www.alterre-asso.org\/","logo":{"@type":"ImageObject","inLanguage":"fr-FR","@id":"https:\/\/www.alterre-asso.org\/#\/schema\/logo\/image\/","url":"https:\/\/www.alterre-asso.org\/wp-content\/uploads\/2023\/11\/cropped-cropped-logo.jpg","contentUrl":"https:\/\/www.alterre-asso.org\/wp-content\/uploads\/2023\/11\/cropped-cropped-logo.jpg","width":240,"height":243,"caption":"Alterre"},"image":{"@id":"https:\/\/www.alterre-asso.org\/#\/schema\/logo\/image\/"},"sameAs":["https:\/\/www.facebook.com\/AlternativesaladeviationdeSaintPeray\/"]}]}},"_links":{"self":[{"href":"https:\/\/www.alterre-asso.org\/index.php\/wp-json\/wp\/v2\/pages\/2279","targetHints":{"allow":["GET"]}}],"collection":[{"href":"https:\/\/www.alterre-asso.org\/index.php\/wp-json\/wp\/v2\/pages"}],"about":[{"href":"https:\/\/www.alterre-asso.org\/index.php\/wp-json\/wp\/v2\/types\/page"}],"author":[{"embeddable":true,"href":"https:\/\/www.alterre-asso.org\/index.php\/wp-json\/wp\/v2\/users\/4"}],"replies":[{"embeddable":true,"href":"https:\/\/www.alterre-asso.org\/index.php\/wp-json\/wp\/v2\/comments?post=2279"}],"version-history":[{"count":3,"href":"https:\/\/www.alterre-asso.org\/index.php\/wp-json\/wp\/v2\/pages\/2279\/revisions"}],"predecessor-version":[{"id":2286,"href":"https:\/\/www.alterre-asso.org\/index.php\/wp-json\/wp\/v2\/pages\/2279\/revisions\/2286"}],"wp:attachment":[{"href":"https:\/\/www.alterre-asso.org\/index.php\/wp-json\/wp\/v2\/media?parent=2279"}],"curies":[{"name":"wp","href":"https:\/\/api.w.org\/{rel}","templated":true}]}}