{"id":2235,"date":"2024-07-01T15:07:52","date_gmt":"2024-07-01T13:07:52","guid":{"rendered":"https:\/\/www.alterre-asso.org\/?page_id=2235"},"modified":"2024-11-12T20:04:43","modified_gmt":"2024-11-12T19:04:43","slug":"petition","status":"publish","type":"page","link":"https:\/\/www.alterre-asso.org\/index.php\/petition\/","title":{"rendered":"P\u00e9tition !"},"content":{"rendered":"\n<p>\ud83d\udc49 <strong>On a besoin de vous pour continuer \u00e0 faire grossir notre p\u00e9tition\u00a0: bient\u00f4t 4 500 signataires<small>\u00a0<\/small>! \ud83d\udcaa<\/strong><br><img decoding=\"async\" width=\"8\" height=\"11\" src=\"https:\/\/ricochets.cc\/local\/cache-vignettes\/L8xH11\/puce-32883.gif?1702045920\" alt=\"-\">\u00a0<strong><a href=\"https:\/\/agir.greenvoice.fr\/petitions\/saint-peray-non-au-projet-de-deviation\">https:\/\/agir.greenvoice.fr\/petitions\/saint-peray-non-au-projet-de-deviation<\/a><\/strong><\/p>\n\n\n\n<p>Si chacun.e d\u2019entre nous envoie un message \u00e0 deux amis du territoire\u2026 \u2197\u2197 \ud83d\ude04<\/p>\n\n\n\n<p><br><a href=\"http:\/\/\ud83d\udc49 continuer \u00e0 faire grossir notre p\u00e9tition : bient\u00f4t 1 000 signataires ! \ud83d\udcaa - https:\/\/agir.greenvoice.fr\/petitions\/saint-peray-non-au-projet-de-deviation  Si chacun.e d\u2019entre nous envoie un message \u00e0 deux amis du territoire\u2026 \u2197\u2197 \ud83d\ude04 Cette p\u00e9tition reste un atout de poids pour montrer que nous sommes pas \u00ab 3 pinpins \u00bb qui n\u2019ont \u00ab qu\u2019\u00e0 aller voir ailleurs si vous n\u2019\u00eates pas contents \u00bb dixit des \u00e9lus du territoire.. \ud83d\ude24 https:\/\/agir.greenvoice.fr\/petitions\/saint-peray-non-au-projet-de-deviation\"><img fetchpriority=\"high\" decoding=\"async\" width=\"400\" height=\"231\" class=\"wp-image-2227\" style=\"width: 400px;\" src=\"https:\/\/www.alterre-asso.org\/wp-content\/uploads\/2024\/07\/signature-greenvoice.png\" alt=\"\" srcset=\"https:\/\/www.alterre-asso.org\/wp-content\/uploads\/2024\/07\/signature-greenvoice.png 886w, https:\/\/www.alterre-asso.org\/wp-content\/uploads\/2024\/07\/signature-greenvoice-300x173.png 300w, https:\/\/www.alterre-asso.org\/wp-content\/uploads\/2024\/07\/signature-greenvoice-768x444.png 768w\" sizes=\"(max-width: 400px) 100vw, 400px\" \/><\/a><\/p>\n\n\n\n<p><\/p>\n\n\n\n<p>Cette p\u00e9tition reste un atout de poids pour montrer que nous sommes pas \u00ab<small>&nbsp;<\/small>3 pinpins<small>&nbsp;<\/small>\u00bb qui n\u2019ont \u00ab<small>&nbsp;<\/small>qu\u2019\u00e0 aller voir ailleurs si vous n\u2019\u00eates pas contents<small>&nbsp;<\/small>\u00bb dixit des \u00e9lus du territoire.. \ud83d\ude24 <a href=\"https:\/\/agir.greenvoice.fr\/petitions\/saint-peray-non-au-projet-de-deviation\">https:\/\/agir.greenvoice.fr\/petitions\/saint-peray-non-au-projet-de-deviation<\/a><\/p>\n","protected":false},"excerpt":{"rendered":"<p>\ud83d\udc49 On a besoin de vous pour continuer \u00e0 faire grossir notre p\u00e9tition\u00a0: bient\u00f4t 4 500 signataires\u00a0! \ud83d\udcaa\u00a0https:\/\/agir.greenvoice.fr\/petitions\/saint-peray-non-au-projet-de-deviation Si chacun.e d\u2019entre nous envoie un message \u00e0 deux amis du territoire\u2026 \u2197\u2197 \ud83d\ude04 Cette p\u00e9tition reste un atout de poids pour montrer que nous sommes pas \u00ab&nbsp;3 pinpins&nbsp;\u00bb qui n\u2019ont \u00ab&nbsp;qu\u2019\u00e0 aller voir ailleurs si vous [&hellip;]<\/p>\n","protected":false},"author":4,"featured_media":0,"parent":0,"menu_order":0,"comment_status":"closed","ping_status":"closed","template":"","meta":{"ocean_post_layout":"","ocean_both_sidebars_style":"","ocean_both_sidebars_content_width":0,"ocean_both_sidebars_sidebars_width":0,"ocean_sidebar":"","ocean_second_sidebar":"","ocean_disable_margins":"enable","ocean_add_body_class":"","ocean_shortcode_before_top_bar":"","ocean_shortcode_after_top_bar":"","ocean_shortcode_before_header":"","ocean_shortcode_after_header":"","ocean_has_shortcode":"","ocean_shortcode_after_title":"","ocean_shortcode_before_footer_widgets":"","ocean_shortcode_after_footer_widgets":"","ocean_shortcode_before_footer_bottom":"","ocean_shortcode_after_footer_bottom":"","ocean_display_top_bar":"default","ocean_display_header":"default","ocean_header_style":"","ocean_center_header_left_menu":"","ocean_custom_header_template":"","ocean_custom_logo":0,"ocean_custom_retina_logo":0,"ocean_custom_logo_max_width":0,"ocean_custom_logo_tablet_max_width":0,"ocean_custom_logo_mobile_max_width":0,"ocean_custom_logo_max_height":0,"ocean_custom_logo_tablet_max_height":0,"ocean_custom_logo_mobile_max_height":0,"ocean_header_custom_menu":"","ocean_menu_typo_font_family":"","ocean_menu_typo_font_subset":"","ocean_menu_typo_font_size":0,"ocean_menu_typo_font_size_tablet":0,"ocean_menu_typo_font_size_mobile":0,"ocean_menu_typo_font_size_unit":"px","ocean_menu_typo_font_weight":"","ocean_menu_typo_font_weight_tablet":"","ocean_menu_typo_font_weight_mobile":"","ocean_menu_typo_transform":"","ocean_menu_typo_transform_tablet":"","ocean_menu_typo_transform_mobile":"","ocean_menu_typo_line_height":0,"ocean_menu_typo_line_height_tablet":0,"ocean_menu_typo_line_height_mobile":0,"ocean_menu_typo_line_height_unit":"","ocean_menu_typo_spacing":0,"ocean_menu_typo_spacing_tablet":0,"ocean_menu_typo_spacing_mobile":0,"ocean_menu_typo_spacing_unit":"","ocean_menu_link_color":"","ocean_menu_link_color_hover":"","ocean_menu_link_color_active":"","ocean_menu_link_background":"","ocean_menu_link_hover_background":"","ocean_menu_link_active_background":"","ocean_menu_social_links_bg":"","ocean_menu_social_hover_links_bg":"","ocean_menu_social_links_color":"","ocean_menu_social_hover_links_color":"","ocean_disable_title":"default","ocean_disable_heading":"default","ocean_post_title":"","ocean_post_subheading":"","ocean_post_title_style":"","ocean_post_title_background_color":"","ocean_post_title_background":0,"ocean_post_title_bg_image_position":"","ocean_post_title_bg_image_attachment":"","ocean_post_title_bg_image_repeat":"","ocean_post_title_bg_image_size":"","ocean_post_title_height":0,"ocean_post_title_bg_overlay":0.5,"ocean_post_title_bg_overlay_color":"","ocean_disable_breadcrumbs":"default","ocean_breadcrumbs_color":"","ocean_breadcrumbs_separator_color":"","ocean_breadcrumbs_links_color":"","ocean_breadcrumbs_links_hover_color":"","ocean_display_footer_widgets":"default","ocean_display_footer_bottom":"default","ocean_custom_footer_template":"","footnotes":""},"class_list":["post-2235","page","type-page","status-publish","hentry","entry"],"yoast_head":"<!-- This site is optimized with the Yoast SEO plugin v22.9 - https:\/\/yoast.com\/wordpress\/plugins\/seo\/ -->\n<title>P\u00e9tition ! - Alterre<\/title>\n<meta name=\"robots\" content=\"index, follow, max-snippet:-1, max-image-preview:large, max-video-preview:-1\" \/>\n<link rel=\"canonical\" href=\"https:\/\/www.alterre-asso.org\/index.php\/petition\/\" \/>\n<meta property=\"og:locale\" content=\"fr_FR\" \/>\n<meta property=\"og:type\" content=\"article\" \/>\n<meta property=\"og:title\" content=\"P\u00e9tition ! - Alterre\" \/>\n<meta property=\"og:description\" content=\"\ud83d\udc49 On a besoin de vous pour continuer \u00e0 faire grossir notre p\u00e9tition\u00a0: bient\u00f4t 4 500 signataires\u00a0! \ud83d\udcaa\u00a0https:\/\/agir.greenvoice.fr\/petitions\/saint-peray-non-au-projet-de-deviation Si chacun.e d\u2019entre nous envoie un message \u00e0 deux amis du territoire\u2026 \u2197\u2197 \ud83d\ude04 Cette p\u00e9tition reste un atout de poids pour montrer que nous sommes pas \u00ab&nbsp;3 pinpins&nbsp;\u00bb qui n\u2019ont \u00ab&nbsp;qu\u2019\u00e0 aller voir ailleurs si vous [&hellip;]\" \/>\n<meta property=\"og:url\" content=\"https:\/\/www.alterre-asso.org\/index.php\/petition\/\" \/>\n<meta property=\"og:site_name\" content=\"Alterre\" \/>\n<meta property=\"article:publisher\" content=\"https:\/\/www.facebook.com\/AlternativesaladeviationdeSaintPeray\/\" \/>\n<meta property=\"article:modified_time\" content=\"2024-11-12T19:04:43+00:00\" \/>\n<meta property=\"og:image\" content=\"https:\/\/ricochets.cc\/local\/cache-vignettes\/L8xH11\/puce-32883.gif?1702045920\" \/>\n<meta name=\"twitter:card\" content=\"summary_large_image\" \/>\n<meta name=\"twitter:label1\" content=\"Dur\u00e9e de lecture estim\u00e9e\" \/>\n\t<meta name=\"twitter:data1\" content=\"1 minute\" \/>\n<script type=\"application\/ld+json\" class=\"yoast-schema-graph\">{\"@context\":\"https:\/\/schema.org\",\"@graph\":[{\"@type\":\"WebPage\",\"@id\":\"https:\/\/www.alterre-asso.org\/index.php\/petition\/\",\"url\":\"https:\/\/www.alterre-asso.org\/index.php\/petition\/\",\"name\":\"P\u00e9tition ! - Alterre\",\"isPartOf\":{\"@id\":\"https:\/\/www.alterre-asso.org\/#website\"},\"primaryImageOfPage\":{\"@id\":\"https:\/\/www.alterre-asso.org\/index.php\/petition\/#primaryimage\"},\"image\":{\"@id\":\"https:\/\/www.alterre-asso.org\/index.php\/petition\/#primaryimage\"},\"thumbnailUrl\":\"https:\/\/ricochets.cc\/local\/cache-vignettes\/L8xH11\/puce-32883.gif?1702045920\",\"datePublished\":\"2024-07-01T13:07:52+00:00\",\"dateModified\":\"2024-11-12T19:04:43+00:00\",\"breadcrumb\":{\"@id\":\"https:\/\/www.alterre-asso.org\/index.php\/petition\/#breadcrumb\"},\"inLanguage\":\"fr-FR\",\"potentialAction\":[{\"@type\":\"ReadAction\",\"target\":[\"https:\/\/www.alterre-asso.org\/index.php\/petition\/\"]}]},{\"@type\":\"ImageObject\",\"inLanguage\":\"fr-FR\",\"@id\":\"https:\/\/www.alterre-asso.org\/index.php\/petition\/#primaryimage\",\"url\":\"https:\/\/ricochets.cc\/local\/cache-vignettes\/L8xH11\/puce-32883.gif?1702045920\",\"contentUrl\":\"https:\/\/ricochets.cc\/local\/cache-vignettes\/L8xH11\/puce-32883.gif?1702045920\"},{\"@type\":\"BreadcrumbList\",\"@id\":\"https:\/\/www.alterre-asso.org\/index.php\/petition\/#breadcrumb\",\"itemListElement\":[{\"@type\":\"ListItem\",\"position\":1,\"name\":\"Accueil\",\"item\":\"https:\/\/www.alterre-asso.org\/\"},{\"@type\":\"ListItem\",\"position\":2,\"name\":\"P\u00e9tition !\"}]},{\"@type\":\"WebSite\",\"@id\":\"https:\/\/www.alterre-asso.org\/#website\",\"url\":\"https:\/\/www.alterre-asso.org\/\",\"name\":\"Alterre\",\"description\":\"alternatives \u00e0 la d\u00e9viation de Saint-P\u00e9ray\",\"publisher\":{\"@id\":\"https:\/\/www.alterre-asso.org\/#organization\"},\"potentialAction\":[{\"@type\":\"SearchAction\",\"target\":{\"@type\":\"EntryPoint\",\"urlTemplate\":\"https:\/\/www.alterre-asso.org\/?s={search_term_string}\"},\"query-input\":\"required name=search_term_string\"}],\"inLanguage\":\"fr-FR\"},{\"@type\":\"Organization\",\"@id\":\"https:\/\/www.alterre-asso.org\/#organization\",\"name\":\"Alterre\",\"url\":\"https:\/\/www.alterre-asso.org\/\",\"logo\":{\"@type\":\"ImageObject\",\"inLanguage\":\"fr-FR\",\"@id\":\"https:\/\/www.alterre-asso.org\/#\/schema\/logo\/image\/\",\"url\":\"https:\/\/www.alterre-asso.org\/wp-content\/uploads\/2023\/11\/cropped-cropped-logo.jpg\",\"contentUrl\":\"https:\/\/www.alterre-asso.org\/wp-content\/uploads\/2023\/11\/cropped-cropped-logo.jpg\",\"width\":240,\"height\":243,\"caption\":\"Alterre\"},\"image\":{\"@id\":\"https:\/\/www.alterre-asso.org\/#\/schema\/logo\/image\/\"},\"sameAs\":[\"https:\/\/www.facebook.com\/AlternativesaladeviationdeSaintPeray\/\"]}]}<\/script>\n<!-- \/ Yoast SEO plugin. -->","yoast_head_json":{"title":"P\u00e9tition ! - Alterre","robots":{"index":"index","follow":"follow","max-snippet":"max-snippet:-1","max-image-preview":"max-image-preview:large","max-video-preview":"max-video-preview:-1"},"canonical":"https:\/\/www.alterre-asso.org\/index.php\/petition\/","og_locale":"fr_FR","og_type":"article","og_title":"P\u00e9tition ! - Alterre","og_description":"\ud83d\udc49 On a besoin de vous pour continuer \u00e0 faire grossir notre p\u00e9tition\u00a0: bient\u00f4t 4 500 signataires\u00a0! \ud83d\udcaa\u00a0https:\/\/agir.greenvoice.fr\/petitions\/saint-peray-non-au-projet-de-deviation Si chacun.e d\u2019entre nous envoie un message \u00e0 deux amis du territoire\u2026 \u2197\u2197 \ud83d\ude04 Cette p\u00e9tition reste un atout de poids pour montrer que nous sommes pas \u00ab&nbsp;3 pinpins&nbsp;\u00bb qui n\u2019ont \u00ab&nbsp;qu\u2019\u00e0 aller voir ailleurs si vous [&hellip;]","og_url":"https:\/\/www.alterre-asso.org\/index.php\/petition\/","og_site_name":"Alterre","article_publisher":"https:\/\/www.facebook.com\/AlternativesaladeviationdeSaintPeray\/","article_modified_time":"2024-11-12T19:04:43+00:00","og_image":[{"url":"https:\/\/ricochets.cc\/local\/cache-vignettes\/L8xH11\/puce-32883.gif?1702045920"}],"twitter_card":"summary_large_image","twitter_misc":{"Dur\u00e9e de lecture estim\u00e9e":"1 minute"},"schema":{"@context":"https:\/\/schema.org","@graph":[{"@type":"WebPage","@id":"https:\/\/www.alterre-asso.org\/index.php\/petition\/","url":"https:\/\/www.alterre-asso.org\/index.php\/petition\/","name":"P\u00e9tition ! - Alterre","isPartOf":{"@id":"https:\/\/www.alterre-asso.org\/#website"},"primaryImageOfPage":{"@id":"https:\/\/www.alterre-asso.org\/index.php\/petition\/#primaryimage"},"image":{"@id":"https:\/\/www.alterre-asso.org\/index.php\/petition\/#primaryimage"},"thumbnailUrl":"https:\/\/ricochets.cc\/local\/cache-vignettes\/L8xH11\/puce-32883.gif?1702045920","datePublished":"2024-07-01T13:07:52+00:00","dateModified":"2024-11-12T19:04:43+00:00","breadcrumb":{"@id":"https:\/\/www.alterre-asso.org\/index.php\/petition\/#breadcrumb"},"inLanguage":"fr-FR","potentialAction":[{"@type":"ReadAction","target":["https:\/\/www.alterre-asso.org\/index.php\/petition\/"]}]},{"@type":"ImageObject","inLanguage":"fr-FR","@id":"https:\/\/www.alterre-asso.org\/index.php\/petition\/#primaryimage","url":"https:\/\/ricochets.cc\/local\/cache-vignettes\/L8xH11\/puce-32883.gif?1702045920","contentUrl":"https:\/\/ricochets.cc\/local\/cache-vignettes\/L8xH11\/puce-32883.gif?1702045920"},{"@type":"BreadcrumbList","@id":"https:\/\/www.alterre-asso.org\/index.php\/petition\/#breadcrumb","itemListElement":[{"@type":"ListItem","position":1,"name":"Accueil","item":"https:\/\/www.alterre-asso.org\/"},{"@type":"ListItem","position":2,"name":"P\u00e9tition !"}]},{"@type":"WebSite","@id":"https:\/\/www.alterre-asso.org\/#website","url":"https:\/\/www.alterre-asso.org\/","name":"Alterre","description":"alternatives \u00e0 la d\u00e9viation de Saint-P\u00e9ray","publisher":{"@id":"https:\/\/www.alterre-asso.org\/#organization"},"potentialAction":[{"@type":"SearchAction","target":{"@type":"EntryPoint","urlTemplate":"https:\/\/www.alterre-asso.org\/?s={search_term_string}"},"query-input":"required name=search_term_string"}],"inLanguage":"fr-FR"},{"@type":"Organization","@id":"https:\/\/www.alterre-asso.org\/#organization","name":"Alterre","url":"https:\/\/www.alterre-asso.org\/","logo":{"@type":"ImageObject","inLanguage":"fr-FR","@id":"https:\/\/www.alterre-asso.org\/#\/schema\/logo\/image\/","url":"https:\/\/www.alterre-asso.org\/wp-content\/uploads\/2023\/11\/cropped-cropped-logo.jpg","contentUrl":"https:\/\/www.alterre-asso.org\/wp-content\/uploads\/2023\/11\/cropped-cropped-logo.jpg","width":240,"height":243,"caption":"Alterre"},"image":{"@id":"https:\/\/www.alterre-asso.org\/#\/schema\/logo\/image\/"},"sameAs":["https:\/\/www.facebook.com\/AlternativesaladeviationdeSaintPeray\/"]}]}},"_links":{"self":[{"href":"https:\/\/www.alterre-asso.org\/index.php\/wp-json\/wp\/v2\/pages\/2235","targetHints":{"allow":["GET"]}}],"collection":[{"href":"https:\/\/www.alterre-asso.org\/index.php\/wp-json\/wp\/v2\/pages"}],"about":[{"href":"https:\/\/www.alterre-asso.org\/index.php\/wp-json\/wp\/v2\/types\/page"}],"author":[{"embeddable":true,"href":"https:\/\/www.alterre-asso.org\/index.php\/wp-json\/wp\/v2\/users\/4"}],"replies":[{"embeddable":true,"href":"https:\/\/www.alterre-asso.org\/index.php\/wp-json\/wp\/v2\/comments?post=2235"}],"version-history":[{"count":3,"href":"https:\/\/www.alterre-asso.org\/index.php\/wp-json\/wp\/v2\/pages\/2235\/revisions"}],"predecessor-version":[{"id":2300,"href":"https:\/\/www.alterre-asso.org\/index.php\/wp-json\/wp\/v2\/pages\/2235\/revisions\/2300"}],"wp:attachment":[{"href":"https:\/\/www.alterre-asso.org\/index.php\/wp-json\/wp\/v2\/media?parent=2235"}],"curies":[{"name":"wp","href":"https:\/\/api.w.org\/{rel}","templated":true}]}}