{"id":2035,"date":"2023-11-07T17:11:03","date_gmt":"2023-11-07T16:11:03","guid":{"rendered":"https:\/\/alterre.freepasta.fr\/?page_id=2035"},"modified":"2025-09-15T15:47:53","modified_gmt":"2025-09-15T13:47:53","slug":"lassociation","status":"publish","type":"page","link":"https:\/\/www.alterre-asso.org\/index.php\/lassociation\/","title":{"rendered":"L&rsquo;association"},"content":{"rendered":"\t\t<div data-elementor-type=\"wp-page\" data-elementor-id=\"2035\" class=\"elementor elementor-2035\">\n\t\t\t\t<div class=\"elementor-element elementor-element-e189cc5 e-flex e-con-boxed e-con e-parent\" data-id=\"e189cc5\" data-element_type=\"container\">\n\t\t\t\t\t<div class=\"e-con-inner\">\n\t\t\t\t<div class=\"elementor-element elementor-element-ef16527 elementor-widget elementor-widget-text-editor\" data-id=\"ef16527\" data-element_type=\"widget\" data-widget_type=\"text-editor.default\">\n\t\t\t\t<div class=\"elementor-widget-container\">\n\t\t\t<style>\/*! elementor - v3.22.0 - 26-06-2024 *\/\n.elementor-widget-text-editor.elementor-drop-cap-view-stacked .elementor-drop-cap{background-color:#69727d;color:#fff}.elementor-widget-text-editor.elementor-drop-cap-view-framed .elementor-drop-cap{color:#69727d;border:3px solid;background-color:transparent}.elementor-widget-text-editor:not(.elementor-drop-cap-view-default) .elementor-drop-cap{margin-top:8px}.elementor-widget-text-editor:not(.elementor-drop-cap-view-default) .elementor-drop-cap-letter{width:1em;height:1em}.elementor-widget-text-editor .elementor-drop-cap{float:left;text-align:center;line-height:1;font-size:50px}.elementor-widget-text-editor .elementor-drop-cap-letter{display:inline-block}<\/style>\t\t\t\t<p>Alterre est n\u00e9e d\u2019un collectif odfrganis\u00e9 pour s\u2019opposer \u00e0 un projet de d\u00e9viation routi\u00e8re sur le territoire de la communaut\u00e9 de communes Rh\u00f4ne Crussol. Ce collectif a co-organis\u00e9 avec d\u2019autres associations des v\u00e9lorutions depuis juin 2020 pour promouvoir les modes de d\u00e9placement doux sur le territoire Valence Guilherand Saint-P\u00e9ray.<\/p><p>Alterre est une association de citoyennes et citoyens qui s\u2019engagent pour proposer des alternatives aux projets routiers qui artificialisent nos sols, d\u00e9naturent nos paysages et freinent la r\u00e9silience alimentaire de proximit\u00e9 en accaparent des terres agricoles si pr\u00e9cieuses sur le territoire de la plaine.<\/p><p>Alterre porte ses actions actuellement sur le territoire de la plaine de Saint-P\u00e9ray-Cornas et se solidarise avec les luttes port\u00e9es par d\u2019autres associations ou collectifs sur les m\u00eames th\u00e8mes au-del\u00e0 de ce p\u00e9rim\u00e8tre local.<\/p><p>Alterre tente d\u2019informer la population et de provoquer un d\u00e9bat public qui n\u2019a pas vraiment eut lieu.<br \/>Nous avons rencontr\u00e9 les \u00e9lu.e.s de la communaut\u00e9 de communes, nous organisons des v\u00e9loturions et des rassemblements de sensibilisation et soutenons une action juridique avec la Frapna contre le projet de d\u00e9viation. Notre objectif est d\u2019amener les \u00e9lu.e.s \u00e0 se reposer la question sur l\u2019utilit\u00e9 de cette d\u00e9viation par rapport aux enjeux climatiques et \u00e0 travailler sur des alternatives cr\u00e9dibles au tout voiture.<\/p><div>Pour nous soutenir &#8230;<\/div><div><ul><li>Adh\u00e9rez \u00e0 notre association ! <a href=\"https:\/\/www.helloasso.com\/associations\/alterre\/adhesions\/adhesion-en-ligne-a-alterre\/widget-bouton\">https:\/\/www.helloasso.com\/associations\/alterre\/adhesions\/adhesion-en-ligne-a-alterre<\/a><\/li><li>Signez notre p\u00e9tition ! <a href=\"https:\/\/agir.greenvoice.fr\/petitions\/saint-peray-non-au-projet-de-deviation \">https:\/\/agir.greenvoice.fr\/petitions\/saint-peray-non-au-projet-de-deviation <\/a><\/li><li>Aidez-nous \u00e0 financer nos d\u00e9marches juridiques men\u00e9es avec FRAPNA Dr\u00f4me Nature Environnement <a href=\"https:\/\/www.helloasso.com\/associations\/frapna-drome-nature-environnement\/formulaires\/4\">https:\/\/www.helloasso.com\/associations\/frapna-drome-nature-environnement\/formulaires\/4<\/a><\/li><li>Rejoignez nous en nous \u00e9crivant \u00e0 alterre (arboas) proton.me ^^ !<\/li><\/ul><\/div><div>\u00a0<\/div>\t\t\t\t\t\t<\/div>\n\t\t\t\t<\/div>\n\t\t\t\t\t<\/div>\n\t\t\t\t<\/div>\n\t\t<div class=\"elementor-element elementor-element-1acccb4 e-flex e-con-boxed e-con e-parent\" data-id=\"1acccb4\" data-element_type=\"container\">\n\t\t\t\t\t<div class=\"e-con-inner\">\n\t\t\t\t<div class=\"elementor-element elementor-element-b4469de elementor-widget elementor-widget-heading\" data-id=\"b4469de\" data-element_type=\"widget\" data-widget_type=\"heading.default\">\n\t\t\t\t<div class=\"elementor-widget-container\">\n\t\t\t<style>\/*! elementor - v3.22.0 - 26-06-2024 *\/\n.elementor-heading-title{padding:0;margin:0;line-height:1}.elementor-widget-heading .elementor-heading-title[class*=elementor-size-]>a{color:inherit;font-size:inherit;line-height:inherit}.elementor-widget-heading .elementor-heading-title.elementor-size-small{font-size:15px}.elementor-widget-heading .elementor-heading-title.elementor-size-medium{font-size:19px}.elementor-widget-heading .elementor-heading-title.elementor-size-large{font-size:29px}.elementor-widget-heading .elementor-heading-title.elementor-size-xl{font-size:39px}.elementor-widget-heading .elementor-heading-title.elementor-size-xxl{font-size:59px}<\/style><h2 class=\"elementor-heading-title elementor-size-default\">Voil\u00e0 un document qui retrace bri\u00e8vement l'historique de la lutte<\/h2>\t\t<\/div>\n\t\t\t\t<\/div>\n\t\t\t\t\t<\/div>\n\t\t\t\t<\/div>\n\t\t<div class=\"elementor-element elementor-element-3c9a42f e-flex e-con-boxed e-con e-parent\" data-id=\"3c9a42f\" data-element_type=\"container\">\n\t\t\t\t\t<div class=\"e-con-inner\">\n\t\t\t\t<div class=\"elementor-element elementor-element-5185180 elementor-widget elementor-widget-image\" data-id=\"5185180\" data-element_type=\"widget\" data-widget_type=\"image.default\">\n\t\t\t\t<div class=\"elementor-widget-container\">\n\t\t\t<style>\/*! elementor - v3.22.0 - 26-06-2024 *\/\n.elementor-widget-image{text-align:center}.elementor-widget-image a{display:inline-block}.elementor-widget-image a img[src$=\".svg\"]{width:48px}.elementor-widget-image img{vertical-align:middle;display:inline-block}<\/style>\t\t\t\t\t\t\t\t\t\t\t<a href=\"https:\/\/drive.proton.me\/urls\/7T8G51KX6C#twFSIXTXlF4P\" target=\"_blank\">\n\t\t\t\t\t\t\t<img fetchpriority=\"high\" decoding=\"async\" width=\"1024\" height=\"628\" src=\"https:\/\/www.alterre-asso.org\/wp-content\/uploads\/2025\/05\/Capture-decran-2025-05-19-a-11.48.30-1024x628.png\" class=\"attachment-large size-large wp-image-2354\" alt=\"\" srcset=\"https:\/\/www.alterre-asso.org\/wp-content\/uploads\/2025\/05\/Capture-decran-2025-05-19-a-11.48.30-1024x628.png 1024w, https:\/\/www.alterre-asso.org\/wp-content\/uploads\/2025\/05\/Capture-decran-2025-05-19-a-11.48.30-300x184.png 300w, https:\/\/www.alterre-asso.org\/wp-content\/uploads\/2025\/05\/Capture-decran-2025-05-19-a-11.48.30-768x471.png 768w, https:\/\/www.alterre-asso.org\/wp-content\/uploads\/2025\/05\/Capture-decran-2025-05-19-a-11.48.30-1536x942.png 1536w, https:\/\/www.alterre-asso.org\/wp-content\/uploads\/2025\/05\/Capture-decran-2025-05-19-a-11.48.30-2048x1255.png 2048w\" sizes=\"(max-width: 1024px) 100vw, 1024px\" \/>\t\t\t\t\t\t\t\t<\/a>\n\t\t\t\t\t\t\t\t\t\t\t\t\t<\/div>\n\t\t\t\t<\/div>\n\t\t\t\t\t<\/div>\n\t\t\t\t<\/div>\n\t\t<div class=\"elementor-element elementor-element-cb1a1b3 e-flex e-con-boxed e-con e-parent\" data-id=\"cb1a1b3\" data-element_type=\"container\">\n\t\t\t\t\t<div class=\"e-con-inner\">\n\t\t\t\t<div class=\"elementor-element elementor-element-3982e0b elementor-widget elementor-widget-text-editor\" data-id=\"3982e0b\" data-element_type=\"widget\" data-widget_type=\"text-editor.default\">\n\t\t\t\t<div class=\"elementor-widget-container\">\n\t\t\t\t\t\t\t<div><strong>Mentions l\u00e9gales<\/strong><\/div><div>ALTERRE est une association loi 1901 dont le si\u00e8ge se situe 42 rue de la r\u00e9publique 07130 Saint P\u00e9ray<\/div><div>\u00a0<\/div><div>Pour tout renseignements contacter alterre (arobas) proton.me<\/div><div>\u00a0<\/div><div>Ce site est h\u00e9berg\u00e9 par\u00a0<\/div><div>OVH &#8211;\u00a0 SAS au capital de 10 000 000 \u20ac RCS Roubaix \u2013 Tourcoing 501 411 060 00020<br \/>Code APE 9499Z \u2013 N\u00b0 TVA : FR 22 424 761 419<br \/>Si\u00e8ge social : 2 rue Kellermann 59100 Roubaix \u2013 France.<\/div><p>\u00a0<\/p>\t\t\t\t\t\t<\/div>\n\t\t\t\t<\/div>\n\t\t\t\t\t<\/div>\n\t\t\t\t<\/div>\n\t\t\t\t<\/div>\n\t\t","protected":false},"excerpt":{"rendered":"<p>Alterre est n\u00e9e d\u2019un collectif odfrganis\u00e9 pour s\u2019opposer \u00e0 un projet de d\u00e9viation routi\u00e8re sur le territoire de la communaut\u00e9 de communes Rh\u00f4ne Crussol. Ce collectif a co-organis\u00e9 avec d\u2019autres associations des v\u00e9lorutions depuis juin 2020 pour promouvoir les modes de d\u00e9placement doux sur le territoire Valence Guilherand Saint-P\u00e9ray. Alterre est une association de citoyennes [&hellip;]<\/p>\n","protected":false},"author":3,"featured_media":0,"parent":0,"menu_order":0,"comment_status":"closed","ping_status":"closed","template":"","meta":{"ocean_post_layout":"","ocean_both_sidebars_style":"","ocean_both_sidebars_content_width":0,"ocean_both_sidebars_sidebars_width":0,"ocean_sidebar":"","ocean_second_sidebar":"","ocean_disable_margins":"enable","ocean_add_body_class":"","ocean_shortcode_before_top_bar":"","ocean_shortcode_after_top_bar":"","ocean_shortcode_before_header":"","ocean_shortcode_after_header":"","ocean_has_shortcode":"","ocean_shortcode_after_title":"","ocean_shortcode_before_footer_widgets":"","ocean_shortcode_after_footer_widgets":"","ocean_shortcode_before_footer_bottom":"","ocean_shortcode_after_footer_bottom":"","ocean_display_top_bar":"default","ocean_display_header":"default","ocean_header_style":"","ocean_center_header_left_menu":"","ocean_custom_header_template":"","ocean_custom_logo":0,"ocean_custom_retina_logo":0,"ocean_custom_logo_max_width":0,"ocean_custom_logo_tablet_max_width":0,"ocean_custom_logo_mobile_max_width":0,"ocean_custom_logo_max_height":0,"ocean_custom_logo_tablet_max_height":0,"ocean_custom_logo_mobile_max_height":0,"ocean_header_custom_menu":"","ocean_menu_typo_font_family":"","ocean_menu_typo_font_subset":"","ocean_menu_typo_font_size":0,"ocean_menu_typo_font_size_tablet":0,"ocean_menu_typo_font_size_mobile":0,"ocean_menu_typo_font_size_unit":"px","ocean_menu_typo_font_weight":"","ocean_menu_typo_font_weight_tablet":"","ocean_menu_typo_font_weight_mobile":"","ocean_menu_typo_transform":"","ocean_menu_typo_transform_tablet":"","ocean_menu_typo_transform_mobile":"","ocean_menu_typo_line_height":0,"ocean_menu_typo_line_height_tablet":0,"ocean_menu_typo_line_height_mobile":0,"ocean_menu_typo_line_height_unit":"","ocean_menu_typo_spacing":0,"ocean_menu_typo_spacing_tablet":0,"ocean_menu_typo_spacing_mobile":0,"ocean_menu_typo_spacing_unit":"","ocean_menu_link_color":"","ocean_menu_link_color_hover":"","ocean_menu_link_color_active":"","ocean_menu_link_background":"","ocean_menu_link_hover_background":"","ocean_menu_link_active_background":"","ocean_menu_social_links_bg":"","ocean_menu_social_hover_links_bg":"","ocean_menu_social_links_color":"","ocean_menu_social_hover_links_color":"","ocean_disable_title":"default","ocean_disable_heading":"default","ocean_post_title":"","ocean_post_subheading":"","ocean_post_title_style":"","ocean_post_title_background_color":"","ocean_post_title_background":0,"ocean_post_title_bg_image_position":"","ocean_post_title_bg_image_attachment":"","ocean_post_title_bg_image_repeat":"","ocean_post_title_bg_image_size":"","ocean_post_title_height":0,"ocean_post_title_bg_overlay":0.5,"ocean_post_title_bg_overlay_color":"","ocean_disable_breadcrumbs":"default","ocean_breadcrumbs_color":"","ocean_breadcrumbs_separator_color":"","ocean_breadcrumbs_links_color":"","ocean_breadcrumbs_links_hover_color":"","ocean_display_footer_widgets":"default","ocean_display_footer_bottom":"default","ocean_custom_footer_template":"","footnotes":""},"class_list":["post-2035","page","type-page","status-publish","hentry","entry"],"yoast_head":"<!-- This site is optimized with the Yoast SEO plugin v22.9 - https:\/\/yoast.com\/wordpress\/plugins\/seo\/ -->\n<title>L&#039;association - Alterre<\/title>\n<meta name=\"description\" content=\"Pr\u00e9sentation de l&#039;association Alterre\" \/>\n<meta name=\"robots\" content=\"index, follow, max-snippet:-1, max-image-preview:large, max-video-preview:-1\" \/>\n<link rel=\"canonical\" href=\"https:\/\/www.alterre-asso.org\/index.php\/lassociation\/\" \/>\n<meta property=\"og:locale\" content=\"fr_FR\" \/>\n<meta property=\"og:type\" content=\"article\" \/>\n<meta property=\"og:title\" content=\"L&#039;association - Alterre\" \/>\n<meta property=\"og:description\" content=\"Pr\u00e9sentation de l&#039;association Alterre\" \/>\n<meta property=\"og:url\" content=\"https:\/\/www.alterre-asso.org\/index.php\/lassociation\/\" \/>\n<meta property=\"og:site_name\" content=\"Alterre\" \/>\n<meta property=\"article:publisher\" content=\"https:\/\/www.facebook.com\/AlternativesaladeviationdeSaintPeray\/\" \/>\n<meta property=\"article:modified_time\" content=\"2025-09-15T13:47:53+00:00\" \/>\n<meta property=\"og:image\" content=\"https:\/\/www.alterre-asso.org\/wp-content\/uploads\/2025\/05\/Capture-decran-2025-05-19-a-11.48.30-1024x628.png\" \/>\n<meta name=\"twitter:card\" content=\"summary_large_image\" \/>\n<meta name=\"twitter:label1\" content=\"Dur\u00e9e de lecture estim\u00e9e\" \/>\n\t<meta name=\"twitter:data1\" content=\"2 minutes\" \/>\n<script type=\"application\/ld+json\" class=\"yoast-schema-graph\">{\"@context\":\"https:\/\/schema.org\",\"@graph\":[{\"@type\":\"WebPage\",\"@id\":\"https:\/\/www.alterre-asso.org\/index.php\/lassociation\/\",\"url\":\"https:\/\/www.alterre-asso.org\/index.php\/lassociation\/\",\"name\":\"L'association - Alterre\",\"isPartOf\":{\"@id\":\"https:\/\/www.alterre-asso.org\/#website\"},\"primaryImageOfPage\":{\"@id\":\"https:\/\/www.alterre-asso.org\/index.php\/lassociation\/#primaryimage\"},\"image\":{\"@id\":\"https:\/\/www.alterre-asso.org\/index.php\/lassociation\/#primaryimage\"},\"thumbnailUrl\":\"https:\/\/www.alterre-asso.org\/wp-content\/uploads\/2025\/05\/Capture-decran-2025-05-19-a-11.48.30-1024x628.png\",\"datePublished\":\"2023-11-07T16:11:03+00:00\",\"dateModified\":\"2025-09-15T13:47:53+00:00\",\"description\":\"Pr\u00e9sentation de l'association Alterre\",\"breadcrumb\":{\"@id\":\"https:\/\/www.alterre-asso.org\/index.php\/lassociation\/#breadcrumb\"},\"inLanguage\":\"fr-FR\",\"potentialAction\":[{\"@type\":\"ReadAction\",\"target\":[\"https:\/\/www.alterre-asso.org\/index.php\/lassociation\/\"]}]},{\"@type\":\"ImageObject\",\"inLanguage\":\"fr-FR\",\"@id\":\"https:\/\/www.alterre-asso.org\/index.php\/lassociation\/#primaryimage\",\"url\":\"https:\/\/www.alterre-asso.org\/wp-content\/uploads\/2025\/05\/Capture-decran-2025-05-19-a-11.48.30-scaled.png\",\"contentUrl\":\"https:\/\/www.alterre-asso.org\/wp-content\/uploads\/2025\/05\/Capture-decran-2025-05-19-a-11.48.30-scaled.png\",\"width\":2560,\"height\":1569},{\"@type\":\"BreadcrumbList\",\"@id\":\"https:\/\/www.alterre-asso.org\/index.php\/lassociation\/#breadcrumb\",\"itemListElement\":[{\"@type\":\"ListItem\",\"position\":1,\"name\":\"Accueil\",\"item\":\"https:\/\/www.alterre-asso.org\/\"},{\"@type\":\"ListItem\",\"position\":2,\"name\":\"L&rsquo;association\"}]},{\"@type\":\"WebSite\",\"@id\":\"https:\/\/www.alterre-asso.org\/#website\",\"url\":\"https:\/\/www.alterre-asso.org\/\",\"name\":\"Alterre\",\"description\":\"alternatives \u00e0 la d\u00e9viation de Saint-P\u00e9ray\",\"publisher\":{\"@id\":\"https:\/\/www.alterre-asso.org\/#organization\"},\"potentialAction\":[{\"@type\":\"SearchAction\",\"target\":{\"@type\":\"EntryPoint\",\"urlTemplate\":\"https:\/\/www.alterre-asso.org\/?s={search_term_string}\"},\"query-input\":\"required name=search_term_string\"}],\"inLanguage\":\"fr-FR\"},{\"@type\":\"Organization\",\"@id\":\"https:\/\/www.alterre-asso.org\/#organization\",\"name\":\"Alterre\",\"url\":\"https:\/\/www.alterre-asso.org\/\",\"logo\":{\"@type\":\"ImageObject\",\"inLanguage\":\"fr-FR\",\"@id\":\"https:\/\/www.alterre-asso.org\/#\/schema\/logo\/image\/\",\"url\":\"https:\/\/www.alterre-asso.org\/wp-content\/uploads\/2023\/11\/cropped-cropped-logo.jpg\",\"contentUrl\":\"https:\/\/www.alterre-asso.org\/wp-content\/uploads\/2023\/11\/cropped-cropped-logo.jpg\",\"width\":240,\"height\":243,\"caption\":\"Alterre\"},\"image\":{\"@id\":\"https:\/\/www.alterre-asso.org\/#\/schema\/logo\/image\/\"},\"sameAs\":[\"https:\/\/www.facebook.com\/AlternativesaladeviationdeSaintPeray\/\"]}]}<\/script>\n<!-- \/ Yoast SEO plugin. -->","yoast_head_json":{"title":"L'association - Alterre","description":"Pr\u00e9sentation de l'association Alterre","robots":{"index":"index","follow":"follow","max-snippet":"max-snippet:-1","max-image-preview":"max-image-preview:large","max-video-preview":"max-video-preview:-1"},"canonical":"https:\/\/www.alterre-asso.org\/index.php\/lassociation\/","og_locale":"fr_FR","og_type":"article","og_title":"L'association - Alterre","og_description":"Pr\u00e9sentation de l'association Alterre","og_url":"https:\/\/www.alterre-asso.org\/index.php\/lassociation\/","og_site_name":"Alterre","article_publisher":"https:\/\/www.facebook.com\/AlternativesaladeviationdeSaintPeray\/","article_modified_time":"2025-09-15T13:47:53+00:00","og_image":[{"url":"https:\/\/www.alterre-asso.org\/wp-content\/uploads\/2025\/05\/Capture-decran-2025-05-19-a-11.48.30-1024x628.png"}],"twitter_card":"summary_large_image","twitter_misc":{"Dur\u00e9e de lecture estim\u00e9e":"2 minutes"},"schema":{"@context":"https:\/\/schema.org","@graph":[{"@type":"WebPage","@id":"https:\/\/www.alterre-asso.org\/index.php\/lassociation\/","url":"https:\/\/www.alterre-asso.org\/index.php\/lassociation\/","name":"L'association - Alterre","isPartOf":{"@id":"https:\/\/www.alterre-asso.org\/#website"},"primaryImageOfPage":{"@id":"https:\/\/www.alterre-asso.org\/index.php\/lassociation\/#primaryimage"},"image":{"@id":"https:\/\/www.alterre-asso.org\/index.php\/lassociation\/#primaryimage"},"thumbnailUrl":"https:\/\/www.alterre-asso.org\/wp-content\/uploads\/2025\/05\/Capture-decran-2025-05-19-a-11.48.30-1024x628.png","datePublished":"2023-11-07T16:11:03+00:00","dateModified":"2025-09-15T13:47:53+00:00","description":"Pr\u00e9sentation de l'association Alterre","breadcrumb":{"@id":"https:\/\/www.alterre-asso.org\/index.php\/lassociation\/#breadcrumb"},"inLanguage":"fr-FR","potentialAction":[{"@type":"ReadAction","target":["https:\/\/www.alterre-asso.org\/index.php\/lassociation\/"]}]},{"@type":"ImageObject","inLanguage":"fr-FR","@id":"https:\/\/www.alterre-asso.org\/index.php\/lassociation\/#primaryimage","url":"https:\/\/www.alterre-asso.org\/wp-content\/uploads\/2025\/05\/Capture-decran-2025-05-19-a-11.48.30-scaled.png","contentUrl":"https:\/\/www.alterre-asso.org\/wp-content\/uploads\/2025\/05\/Capture-decran-2025-05-19-a-11.48.30-scaled.png","width":2560,"height":1569},{"@type":"BreadcrumbList","@id":"https:\/\/www.alterre-asso.org\/index.php\/lassociation\/#breadcrumb","itemListElement":[{"@type":"ListItem","position":1,"name":"Accueil","item":"https:\/\/www.alterre-asso.org\/"},{"@type":"ListItem","position":2,"name":"L&rsquo;association"}]},{"@type":"WebSite","@id":"https:\/\/www.alterre-asso.org\/#website","url":"https:\/\/www.alterre-asso.org\/","name":"Alterre","description":"alternatives \u00e0 la d\u00e9viation de Saint-P\u00e9ray","publisher":{"@id":"https:\/\/www.alterre-asso.org\/#organization"},"potentialAction":[{"@type":"SearchAction","target":{"@type":"EntryPoint","urlTemplate":"https:\/\/www.alterre-asso.org\/?s={search_term_string}"},"query-input":"required name=search_term_string"}],"inLanguage":"fr-FR"},{"@type":"Organization","@id":"https:\/\/www.alterre-asso.org\/#organization","name":"Alterre","url":"https:\/\/www.alterre-asso.org\/","logo":{"@type":"ImageObject","inLanguage":"fr-FR","@id":"https:\/\/www.alterre-asso.org\/#\/schema\/logo\/image\/","url":"https:\/\/www.alterre-asso.org\/wp-content\/uploads\/2023\/11\/cropped-cropped-logo.jpg","contentUrl":"https:\/\/www.alterre-asso.org\/wp-content\/uploads\/2023\/11\/cropped-cropped-logo.jpg","width":240,"height":243,"caption":"Alterre"},"image":{"@id":"https:\/\/www.alterre-asso.org\/#\/schema\/logo\/image\/"},"sameAs":["https:\/\/www.facebook.com\/AlternativesaladeviationdeSaintPeray\/"]}]}},"_links":{"self":[{"href":"https:\/\/www.alterre-asso.org\/index.php\/wp-json\/wp\/v2\/pages\/2035","targetHints":{"allow":["GET"]}}],"collection":[{"href":"https:\/\/www.alterre-asso.org\/index.php\/wp-json\/wp\/v2\/pages"}],"about":[{"href":"https:\/\/www.alterre-asso.org\/index.php\/wp-json\/wp\/v2\/types\/page"}],"author":[{"embeddable":true,"href":"https:\/\/www.alterre-asso.org\/index.php\/wp-json\/wp\/v2\/users\/3"}],"replies":[{"embeddable":true,"href":"https:\/\/www.alterre-asso.org\/index.php\/wp-json\/wp\/v2\/comments?post=2035"}],"version-history":[{"count":31,"href":"https:\/\/www.alterre-asso.org\/index.php\/wp-json\/wp\/v2\/pages\/2035\/revisions"}],"predecessor-version":[{"id":2444,"href":"https:\/\/www.alterre-asso.org\/index.php\/wp-json\/wp\/v2\/pages\/2035\/revisions\/2444"}],"wp:attachment":[{"href":"https:\/\/www.alterre-asso.org\/index.php\/wp-json\/wp\/v2\/media?parent=2035"}],"curies":[{"name":"wp","href":"https:\/\/api.w.org\/{rel}","templated":true}]}}